{"id":8320,"date":"2025-04-18T10:28:03","date_gmt":"2025-04-18T07:28:03","guid":{"rendered":"http:\/\/dftivi.com\/videos\/?page_id=8320"},"modified":"2025-04-18T10:34:31","modified_gmt":"2025-04-18T07:34:31","slug":"gemini","status":"publish","type":"page","link":"https:\/\/dftivi.net\/videos\/gemini\/","title":{"rendered":"GEMINI"},"content":{"rendered":"\t\t<div data-elementor-type=\"wp-post\" data-elementor-id=\"8320\" class=\"elementor elementor-8320\">\n\t\t\t\t\t\t<section class=\"elementor-section elementor-top-section elementor-element elementor-element-5de5fbe elementor-section-boxed elementor-section-height-default elementor-section-height-default\" data-id=\"5de5fbe\" data-element_type=\"section\">\n\t\t\t\t\t\t<div class=\"elementor-container elementor-column-gap-default\">\n\t\t\t\t\t<div class=\"elementor-column elementor-col-100 elementor-top-column elementor-element elementor-element-88b7e39\" data-id=\"88b7e39\" data-element_type=\"column\">\n\t\t\t<div class=\"elementor-widget-wrap elementor-element-populated\">\n\t\t\t\t\t\t<div class=\"elementor-element elementor-element-b275eac elementor-widget elementor-widget-vidorev_block_addon\" data-id=\"b275eac\" data-element_type=\"widget\" data-widget_type=\"vidorev_block_addon.default\">\n\t\t\t\t<div class=\"elementor-widget-container\">\n\t\t\t\t\t\t\t\t\t\t\t<div class=\"sc-blocks-container sc-blocks-container-control grid-sp-2-col fw-c-fix-cls\" data-id=\"vp_55642\">\n\t\t\t\t\t\t\n\t\t\t\t\t\t\t\t\t\t\t\t\t\t\n\t\t\t\t\t\t\t<div class=\"block-filter block-filter-control\">\n\t\t\t\t\t\t\t\t<div class=\"ajax-loading\">\n\t\t\t\t\t\t\t\t\t<div class=\"la-ball-triangle-path\">\n\t\t\t\t\t\t\t\t\t\t<div><\/div>\n\t\t\t\t\t\t\t\t\t\t<div><\/div>\n\t\t\t\t\t\t\t\t\t\t<div><\/div>\n\t\t\t\t\t\t\t\t\t<\/div>\n\t\t\t\t\t\t\t\t<\/div>\t\t\t\t\t\t\t\t\n\n\t\t\t\t\t\t\n\t\t\t\t\t\t\n\t\t\t\t\t\t\t\t<div class=\"blog-wrapper global-blog-wrapper blog-wrapper-control active-item current-paged\" data-item=\"0\" data-paged=\"1\" data-end=\"yes\">\n\t\t\t\t\t\t\t\t\t<div class=\"blog-items blog-items-control site__row grid-special\">\n\t\t\t\t\t\t\t\t\t\t<article class=\"post-item site__col post-8322 post type-post status-publish format-video has-post-thumbnail hentry category-kacirmisim-tr post_format-post-format-video\">\n\t<div class=\"post-item-wrap\">\n\t\n\t\t<div class=\"blog-pic\">\n\t\t\t\t\t\t\t\t<div class=\"blog-pic-wrap\"><a data-post-id=\"8322\" href=\"https:\/\/dftivi.net\/videos\/2025\/04\/18\/gemini-nedir-ne-degildir\/\" title=\"Gemini Nedir, Ne De\u011fildir?\" class=\"blog-img\"><img decoding=\"async\" class=\"blog-picture ul-normal-effect\" src=\"https:\/\/dftivi.net\/videos\/wp-content\/uploads\/2025\/04\/gemini-360x203.png\" srcset=\"https:\/\/dftivi.net\/videos\/wp-content\/uploads\/2025\/04\/gemini-360x203.png 360w, https:\/\/dftivi.net\/videos\/wp-content\/uploads\/2025\/04\/gemini-236x133.png 236w, https:\/\/dftivi.net\/videos\/wp-content\/uploads\/2025\/04\/gemini-750x422.png 750w\" sizes=\"(max-width: 360px) 100vw, 360px\" alt=\"gemini\"\/><span class=\"ul-placeholder-bg class-16x9\"><\/span><\/a><span \n\t\t\t\t\t\t\t\t\t\t\t\tclass=\"watch-later-icon watch-later-control\" \n\t\t\t\t\t\t\t\t\t\t\t\tdata-id=\"8322\" \n\t\t\t\t\t\t\t\t\t\t\t\tdata-img-src=\"https:\/\/dftivi.net\/videos\/wp-content\/uploads\/2025\/04\/gemini-150x150.png\" \n\t\t\t\t\t\t\t\t\t\t\t\tdata-hyperlink=\"https:\/\/dftivi.net\/videos\/2025\/04\/18\/gemini-nedir-ne-degildir\/\" \n\t\t\t\t\t\t\t\t\t\t\t\tdata-title=\"Gemini Nedir, Ne De\u011fildir?\"\n\t\t\t\t\t\t\t\t\t\t\t>\n\t\t\t\t\t\t\t\t\t\t\t\t<i class=\"fa fa-clock-o\" aria-hidden=\"true\"><\/i><span class=\"watch-text font-size-12\">Watch Later<\/span><span class=\"watch-remove-text font-size-12\">Added<\/span>\n\t\t\t\t\t\t\t\t\t\t\t<\/span><span class=\"duration-text font-size-12 meta-font\"><span class=\"rating-average-dr\">5 <i class=\"fa fa-star\" aria-hidden=\"true\"><\/i><\/span><\/span>\t<\/div>\n\t\t\t\t\t\t\t<\/div>\t\t\n\t\t<div class=\"listing-content\">\n\t\t\t\n\t\t\t<div class=\"categories-elm meta-font\"><div class=\"categories-wrap\"><a data-cat-id=\"cat_101\" href=\"https:\/\/dftivi.net\/videos\/category\/kacirmisim-tr\/\" title=\"Ka\u00e7\u0131rm\u0131\u015f\u0131m Deme\" class=\"category-item m-font-size-10\">Ka\u00e7\u0131rm\u0131\u015f\u0131m Deme<\/a><\/div><\/div>\t\t\t\n\t\t\t<h3 class=\"entry-title h3 post-title\"> \n\t\t\t\t<a href=\"https:\/\/dftivi.net\/videos\/2025\/04\/18\/gemini-nedir-ne-degildir\/\" title=\"Gemini Nedir, Ne De\u011fildir?\">Gemini Nedir, Ne De\u011fildir?<\/a> \n\t\t\t<\/h3>\t\n\t\t\t\n\t\t\t<div class=\"entry-meta post-meta meta-font\"><div class=\"post-meta-wrap\"><div class=\"author vcard\"><i class=\"fa fa-user-circle\" aria-hidden=\"true\"><\/i><a href=\"https:\/\/dftivi.net\/videos\/author\/dftv_admin\/\">dftv_admin<\/a><\/div><div class=\"date-time\"><i class=\"fa fa-calendar\" aria-hidden=\"true\"><\/i><span><time class=\"entry-date published\" datetime=\"2025-04-18T10:29:25+03:00\">18 April 2025<\/time><time class=\"updated\" datetime=\"2025-04-18T10:34:39+03:00\">18 April 2025<\/time><\/span><\/div><\/div><\/div>\t\n\t\t\n\t\t\t\t\t\n\t\t\t<div class=\"entry-meta post-meta meta-font\"><div class=\"post-meta-wrap\"><div class=\"comment-count\"><i class=\"fa fa-comment\" aria-hidden=\"true\"><\/i><span>0<\/span><\/div><div class=\"view-count\"><i class=\"fa fa-eye\" aria-hidden=\"true\"><\/i><span>446<\/span><\/div><div class=\"like-count\"><i class=\"fa fa-thumbs-up\" aria-hidden=\"true\"><\/i><span class=\"like-count\" data-id=\"8322\">0<\/span><\/div><\/div><\/div>\t\t\n\t\t\n\t\t<\/div>\n\t\t\n\t<\/div>\n<\/article>\t\n\t\t\t\t\t\t\t\t\t<\/div>\t\n\t\t\t\t\t\t\t\t<\/div>\n\t\t\t\t\t\t\t\n\t\t\t\t\t\t\n\t\t\t\t\t\t\t<\/div>\t\n\t\t\t\t\t\t\t<div class=\"bl-page-prev-next bl-page-prev-next-control \">\n\t\t\t\t\t\t\t\t<span class=\"next-prev-action disabled-query\" data-action=\"prev\"><i class=\"fa fa-angle-left\" aria-hidden=\"true\"><\/i><\/span>\n\t\t\t\t\t\t\t\t<span class=\"next-prev-action\" data-action=\"next\"><i class=\"fa fa-angle-right\" aria-hidden=\"true\"><\/i><\/span>\n\t\t\t\t\t\t\t<\/div>\t\t\t\t\t\n\t\t\t\t\t\t<\/div>\n\t\t\t\t\t\t\t\t\t<script>if(typeof(vidorev_builder_control)!==\"undefined\" && vidorev_builder_control!==null){vidorev_builder_control.filter_tab_responsive();}<\/script>\t\t\t\t<\/div>\n\t\t\t\t<\/div>\n\t\t\t\t\t<\/div>\n\t\t<\/div>\n\t\t\t\t\t<\/div>\n\t\t<\/section>\n\t\t\t\t<\/div>\n\t\t","protected":false},"excerpt":{"rendered":"<p>Sonra \u0130zleEklendi GEMINI Gemini Nedir, Ne De\u011fildir? dftv_admin18 Nisan 202518 Nisan 2025 010<\/p>\n","protected":false},"author":1,"featured_media":0,"parent":0,"menu_order":0,"comment_status":"closed","ping_status":"closed","template":"","meta":{"footnotes":""},"class_list":["post-8320","page","type-page","status-publish","hentry"],"cmb2":{"video_ids_in_playlist":{"vid_p_videos":""},"video_ids_in_channel":{"vid_c_videos":""},"playlist_ids_in_channel":{"vid_c_playlists":""},"series_ids_in_channel":{"vid_c_series":""},"channel_images":{"vid_c_logo":"","vid_c_banner":""},"poster_feature_image":{"vid_m_poster_image":""},"gif_feature_image":{"vid_m_gif_image":""},"video_movie_settings":{"vid_m_director":"","vid_m_actor":"","vid_m_imdb_ratings":"","vid_m_amazon_associates":""},"vid_youtube_broadcasts_settings":{"vid_yb_broadcast_title":"","vid_yb_q":"","vid_yb_channelid":"","vid_yb_videocategoryid":"","vid_yb_maxresults":"","vid_yb_order":"","vid_yb_regioncode":"","vid_yb_videosyndicated":"","vid_yb_style":"","vid_yb_reload_first":""},"video_series_settings":{"vid_m_director":"","vid_m_actor":"","vid_m_imdb_ratings":"","video_series_group":""},"amazon_associates_settings":{"amazon_associates":"","amazon_native_ad":""},"vid_youtube_automatic_settings":{"vid_ya_youtube_source":"","vid_ya_update_every":"","vid_ya_update_unit":"","vid_ya_categories":"","vid_ya_playlists":"","vid_ya_channels":"","vid_ya_director":"","vid_ya_actor":"","vid_ya_author":"","vid_ya_import_post_date":"","vid_ya_status":""},"vid_ads_m_videoads_settings_post":{"vid_ads_m_video_ads":"","vid_ads_m_video_ads_type":"","vid_ads_m_group_google_ima":"","vid_ads_m_group_image":"","vid_ads_m_group_html5_video":"","vid_ads_m_group_html":"","vid_ads_m_vast_preroll":"","vid_ads_m_vast_postroll":"","vid_ads_m_vast_pauseroll":"","vid_ads_m_vast_midroll":"","vid_ads_m_time_to_show_ads":"","vid_ads_m_time_skip_ads":"","vid_ads_m_time_to_hide_ads":""},"page_slider_settings":{"display_slider_group":"no","page_slider_group":[{"layout":"slider-1","post_type":"post","order_by":"date","order":"DESC","display_categories":"yes","display_author":"yes","display_date":"yes","display_comment_count":"yes","display_view_count":"yes","display_like_count":"yes","display_dislike_count":"yes","fade":"no"}]},"blog_page_settings":{"blog_page_title":"","blog_page_heading":"off","blog_page_ic":"","blog_page_it":"","blog_page_ec":"","blog_page_ip":"","archive_loop_style":"list-blog","blog_image_ratio":"","blog_show_categories":"on","blog_show_excerpt":"on","blog_show_author":"on","blog_show_date":"on","blog_show_comment_count":"on","blog_show_view_count":"on","blog_show_like_count":"on","blog_show_dislike_count":"on","blog_items_per_page":"10","blog_pag_type":"wp-default"},"page_options":{"get_page_template":"","color_mode":"","main_layout":"","main_layout_full_with":"","main_logo":"","main_logo_retina":"","main_logo_mobile":"","main_logo_mobile_retina":"","sticky_logo":"","sticky_logo_retina":"","main_nav_layout":"","ajax_search":"","header_background":"","theme_sidebar":"","instagram_feed":"","instagram_feed_position":"","popular_videos":"","popular_videos_title_1":"","popular_videos_title_2":"","popular_videos_ic":"","popular_videos_it":"","theme_background":"","page_custom_css":""},"feature_image_settings":{"feature_image_position":""},"video_player_settings":{"video_player_position":"","vm_video_url":"","video_player_library":"","video_streaming":"","vm_media_sources":"","vid_auto_play":"","vm_video_shortcode":"","vid_p_sync_playlist":"","vid_c_sync_channel":"","get_post_format":"","multiple_links_structure":"","multi_links_title":"","vm_video_multi_links":"","vm_duration":"","vid_social_locker":"","vid_social_locker_id":"","vid_membership_action":"","vm_video_trailer_url":"","vid_download_type":"","vid_download_target":"","vid_woo_product":"","vm_media_download":"","user_rating":"","user_rating_position":"","user_rating_mode":"","user_rating_multi_sets":""},"video_auto_fetch_settings":{"vm_video_fetch":""},"video_fake_views_likes":{"vm_fake_views":"","vm_fake_likes":"","vm_fake_dislikes":""},"gallery_settings":{"gallery_position":""},"quote_settings":{"quote_position":""},"post_options":{"main_layout":"","main_logo":"","main_logo_retina":"","main_logo_mobile":"","main_logo_mobile_retina":"","sticky_logo":"","sticky_logo_retina":"","main_nav_layout":"","header_background":"","theme_sidebar":"","single_post_comment_type":"","theme_background":""}},"_links":{"self":[{"href":"https:\/\/dftivi.net\/videos\/wp-json\/wp\/v2\/pages\/8320","targetHints":{"allow":["GET"]}}],"collection":[{"href":"https:\/\/dftivi.net\/videos\/wp-json\/wp\/v2\/pages"}],"about":[{"href":"https:\/\/dftivi.net\/videos\/wp-json\/wp\/v2\/types\/page"}],"author":[{"embeddable":true,"href":"https:\/\/dftivi.net\/videos\/wp-json\/wp\/v2\/users\/1"}],"replies":[{"embeddable":true,"href":"https:\/\/dftivi.net\/videos\/wp-json\/wp\/v2\/comments?post=8320"}],"version-history":[{"count":3,"href":"https:\/\/dftivi.net\/videos\/wp-json\/wp\/v2\/pages\/8320\/revisions"}],"predecessor-version":[{"id":8328,"href":"https:\/\/dftivi.net\/videos\/wp-json\/wp\/v2\/pages\/8320\/revisions\/8328"}],"wp:attachment":[{"href":"https:\/\/dftivi.net\/videos\/wp-json\/wp\/v2\/media?parent=8320"}],"curies":[{"name":"wp","href":"https:\/\/api.w.org\/{rel}","templated":true}]}}