{"id":2190,"date":"2018-02-21T07:42:26","date_gmt":"2018-02-21T07:42:26","guid":{"rendered":"http:\/\/192.168.1.99\/WordpressDevelop\/vidorev\/?page_id=2190"},"modified":"2024-12-02T11:26:21","modified_gmt":"2024-12-02T08:26:21","slug":"demo-magazine","status":"publish","type":"page","link":"https:\/\/dftivi.net\/videos\/","title":{"rendered":"HOME"},"content":{"rendered":"","protected":false},"excerpt":{"rendered":"","protected":false},"author":1,"featured_media":0,"parent":0,"menu_order":0,"comment_status":"closed","ping_status":"closed","template":"page-templates\/front-page-template.php","meta":{"footnotes":""},"class_list":["post-2190","page","type-page","status-publish","hentry"],"cmb2":{"video_ids_in_playlist":{"vid_p_videos":""},"video_ids_in_channel":{"vid_c_videos":""},"playlist_ids_in_channel":{"vid_c_playlists":""},"series_ids_in_channel":{"vid_c_series":""},"channel_images":{"vid_c_logo":"","vid_c_banner":""},"poster_feature_image":{"vid_m_poster_image":""},"gif_feature_image":{"vid_m_gif_image":""},"video_movie_settings":{"vid_m_director":"","vid_m_actor":"","vid_m_imdb_ratings":"","vid_m_amazon_associates":""},"vid_youtube_broadcasts_settings":{"vid_yb_broadcast_title":"","vid_yb_q":"","vid_yb_channelid":"","vid_yb_videocategoryid":"","vid_yb_maxresults":"","vid_yb_order":"","vid_yb_regioncode":"","vid_yb_videosyndicated":"","vid_yb_style":"","vid_yb_reload_first":""},"video_series_settings":{"vid_m_director":"","vid_m_actor":"","vid_m_imdb_ratings":"","video_series_group":""},"amazon_associates_settings":{"amazon_associates":"","amazon_native_ad":""},"vid_youtube_automatic_settings":{"vid_ya_youtube_source":"","vid_ya_update_every":"","vid_ya_update_unit":"","vid_ya_categories":"","vid_ya_playlists":"","vid_ya_channels":"","vid_ya_director":"","vid_ya_actor":"","vid_ya_author":"","vid_ya_import_post_date":"","vid_ya_status":""},"vid_ads_m_videoads_settings_post":{"vid_ads_m_video_ads":"","vid_ads_m_video_ads_type":"","vid_ads_m_group_google_ima":"","vid_ads_m_group_image":"","vid_ads_m_group_html5_video":"","vid_ads_m_group_html":"","vid_ads_m_vast_preroll":"","vid_ads_m_vast_postroll":"","vid_ads_m_vast_pauseroll":"","vid_ads_m_vast_midroll":"","vid_ads_m_time_to_show_ads":"","vid_ads_m_time_skip_ads":"","vid_ads_m_time_to_hide_ads":""},"page_slider_settings":{"display_slider_group":"yes","page_slider_group":[{"title":"","layout":"slider-10","post_type":"post-video","category":"","tag":"","ex_category":"","ids":"8303,8307,7884","order_by":"post__in","order":"ASC","post_count":"3","display_categories":"no","display_author":"no","display_date":"no","display_comment_count":"no","display_view_count":"no","display_like_count":"no","display_dislike_count":"no","autoplay":"","fade":"no","margin_top":"20px","margin_bottom":"45px","padding_top":"","padding_bottom":"","padding_left":"","padding_right":"","background_color":""},{"title":"En Son Eklenen Videolar","layout":"slider-6","post_type":"post","category":"","tag":"","ex_category":"","ids":"","order_by":"date","order":"DESC","post_count":"4","display_categories":"yes","display_author":"yes","display_date":"yes","display_comment_count":"yes","display_view_count":"yes","display_like_count":"yes","display_dislike_count":"yes","autoplay":"","fade":"no","margin_top":"","margin_bottom":"","padding_top":"","padding_bottom":"20px","padding_left":"","padding_right":"","background_color":""},{"title":"Sizden Gelenler","layout":"slider-6","post_type":"post","category":"Sizden Gelenler","tag":"","ex_category":"kacirmisim-tr,anilar-tr,ilham-veren-liderler,temel-yoga-tr,diger-tr,diger-bilmediklerin-en,medyada-defacto-tr,temel-diksiyon-tr,kacirmisim-deme-en,yenibaslayanlar-kisisel-tr,yenilikci-girisimcilik-tr,dusunce-okuma-nedir-tr,kuantum-dusunme-tr,marka-yonetimi-tr,kisisel-gelisim-seyahat-tr,stil-giyim-tr,tuketici-haklari-tr,basarili-satis-tr,dogru-nefes-kullanimi-tr,yasamin-icinden-inovasyon-tr,yuzyilin-inovasyonu-tr,bitcoin-nedir-tr,bilisim-hukuku-tr,youtube-10-tr,kariyerde-ilk-tr,sunum-hazirlama-tr,marka-olusturmak-tr,bireysel-emeklilik-tr,nlp-hakkinda-tr,sorunlara-nlp-tr,is-dunyasi-ozel-tr,etkili-marka-olusturmak-tr,beden-dili-tr,kisisel-gelisim-tr,blogger-olmak-tr,sosyal-medya-kampanyasi-tr,iphone-ios-tr,sosyalmedyailetisim-tr,ozgecmis-nasil-tr,evde-yapilabilecek-egzersizler-tr,best-of-team-challenge","ids":"","order_by":"date","order":"DESC","post_count":"7","display_categories":"yes","display_author":"no","display_date":"yes","display_comment_count":"no","display_view_count":"no","display_like_count":"no","display_dislike_count":"no","autoplay":"","fade":"no","margin_top":"","margin_bottom":"20px","padding_top":"","padding_bottom":"","padding_left":"","padding_right":"","background_color":""},{"title":"Ka\u00e7\u0131rm\u0131\u015f\u0131m Deme","layout":"slider-6","post_type":"post","category":"Ka\u00e7\u0131rm\u0131\u015f\u0131m Deme","ex_category":"anilar-tr,ilham-veren-liderler,sizden-gelenler,temel-yoga-tr,diger-tr,diger-bilmediklerin-en,medyada-defacto-tr,temel-diksiyon-tr,kacirmisim-deme-en,yenibaslayanlar-kisisel-tr,yenilikci-girisimcilik-tr,dusunce-okuma-nedir-tr,kuantum-dusunme-tr,marka-yonetimi-tr,kisisel-gelisim-seyahat-tr,stil-giyim-tr,tuketici-haklari-tr,basarili-satis-tr,dogru-nefes-kullanimi-tr,yasamin-icinden-inovasyon-tr,yuzyilin-inovasyonu-tr,bitcoin-nedir-tr,bilisim-hukuku-tr,youtube-10-tr,kariyerde-ilk-tr,sunum-hazirlama-tr,marka-olusturmak-tr,bireysel-emeklilik-tr,nlp-hakkinda-tr,sorunlara-nlp-tr,is-dunyasi-ozel-tr,etkili-marka-olusturmak-tr,beden-dili-tr,kisisel-gelisim-tr,blogger-olmak-tr,sosyal-medya-kampanyasi-tr,iphone-ios-tr,sosyalmedyailetisim-tr,ozgecmis-nasil-tr,evde-yapilabilecek-egzersizler-tr,tamam-challenge","order_by":"date","order":"DESC","display_categories":"yes","display_author":"no","display_date":"yes","display_comment_count":"no","display_view_count":"no","display_like_count":"no","display_dislike_count":"no","fade":"no","margin_bottom":"20px"}]},"blog_page_settings":{"blog_page_title":"","blog_page_heading":"off","blog_page_ic":"","blog_page_it":"","blog_page_ec":"","blog_page_ip":"","archive_loop_style":"grid-default","blog_image_ratio":"","blog_show_categories":"on","blog_show_excerpt":"on","blog_show_author":"on","blog_show_date":"on","blog_show_comment_count":"on","blog_show_view_count":"on","blog_show_like_count":"on","blog_show_dislike_count":"on","blog_items_per_page":"10","blog_pag_type":"wp-default"},"page_options":{"get_page_template":"","color_mode":"","main_layout":"","main_layout_full_with":"","main_logo":"","main_logo_retina":"","main_logo_mobile":"","main_logo_mobile_retina":"","sticky_logo":"","sticky_logo_retina":"","main_nav_layout":"","ajax_search":"","header_background":"","theme_sidebar":"","instagram_feed":"","instagram_feed_position":"","popular_videos":"off","popular_videos_title_1":"","popular_videos_title_2":"","popular_videos_ic":"","popular_videos_it":"","theme_background":"","page_custom_css":""},"feature_image_settings":{"feature_image_position":""},"video_player_settings":{"video_player_position":"","vm_video_url":"","video_player_library":"","video_streaming":"","vm_media_sources":"","vid_auto_play":"","vm_video_shortcode":"","vid_p_sync_playlist":"","vid_c_sync_channel":"","get_post_format":"","multiple_links_structure":"","multi_links_title":"","vm_video_multi_links":"","vm_duration":"","vid_social_locker":"","vid_social_locker_id":"","vid_membership_action":"","vm_video_trailer_url":"","vid_download_type":"","vid_download_target":"","vid_woo_product":"","vm_media_download":"","user_rating":"","user_rating_position":"","user_rating_mode":"","user_rating_multi_sets":""},"video_auto_fetch_settings":{"vm_video_fetch":""},"video_fake_views_likes":{"vm_fake_views":"","vm_fake_likes":"","vm_fake_dislikes":""},"gallery_settings":{"gallery_position":""},"quote_settings":{"quote_position":""},"post_options":{"main_layout":"","main_logo":"","main_logo_retina":"","main_logo_mobile":"","main_logo_mobile_retina":"","sticky_logo":"","sticky_logo_retina":"","main_nav_layout":"","header_background":"","theme_sidebar":"","single_post_comment_type":"","theme_background":""}},"_links":{"self":[{"href":"https:\/\/dftivi.net\/videos\/wp-json\/wp\/v2\/pages\/2190","targetHints":{"allow":["GET"]}}],"collection":[{"href":"https:\/\/dftivi.net\/videos\/wp-json\/wp\/v2\/pages"}],"about":[{"href":"https:\/\/dftivi.net\/videos\/wp-json\/wp\/v2\/types\/page"}],"author":[{"embeddable":true,"href":"https:\/\/dftivi.net\/videos\/wp-json\/wp\/v2\/users\/1"}],"replies":[{"embeddable":true,"href":"https:\/\/dftivi.net\/videos\/wp-json\/wp\/v2\/comments?post=2190"}],"version-history":[{"count":1,"href":"https:\/\/dftivi.net\/videos\/wp-json\/wp\/v2\/pages\/2190\/revisions"}],"predecessor-version":[{"id":7401,"href":"https:\/\/dftivi.net\/videos\/wp-json\/wp\/v2\/pages\/2190\/revisions\/7401"}],"wp:attachment":[{"href":"https:\/\/dftivi.net\/videos\/wp-json\/wp\/v2\/media?parent=2190"}],"curies":[{"name":"wp","href":"https:\/\/api.w.org\/{rel}","templated":true}]}}